{"id":13,"date":"2022-09-13T12:27:33","date_gmt":"2022-09-13T12:27:33","guid":{"rendered":"https:\/\/lupus-plan.de\/?page_id=13"},"modified":"2023-10-12T15:18:03","modified_gmt":"2023-10-12T15:18:03","slug":"leistungen","status":"publish","type":"page","link":"https:\/\/lupus-plan.de\/?page_id=13","title":{"rendered":"Leistungen"},"content":{"rendered":"\n<p>lupusplan erarbeitet kompetente L\u00f6sungen f\u00fcr artenschutzfachliche Fragestellungen. Sie haben ein Projekt und ben\u00f6tigen Beratung oder konkrete Genehmigungsunterlagen? Kontaktieren Sie uns.<\/p>\n\n\n\n<p>Wir bieten:<\/p>\n\n\n\n<p><strong><em>Kartierung<\/em><\/strong><\/p>\n\n\n\n<ul class=\"wp-block-list\">\n<li>V\u00f6gel<\/li>\n\n\n\n<li>Amphibien<\/li>\n\n\n\n<li>Reptilien<\/li>\n\n\n\n<li>Falter<\/li>\n\n\n\n<li>Libellen<\/li>\n\n\n\n<li>Biotoptypen<\/li>\n<\/ul>\n\n\n\n<p><strong><em>Genehmigungsunterlagen<\/em><\/strong><\/p>\n\n\n\n<ul class=\"wp-block-list\">\n<li>Artenschutzrechtliche Vorpr\u00fcfung &amp; Artenschutzfachbeitrag (ASP Stufe I &amp; II)<\/li>\n\n\n\n<li>Raumnutzungsanalyse (RNA)<\/li>\n\n\n\n<li>FFH-Monitoring<\/li>\n\n\n\n<li>FFH-Lebensraumtypen (FFH-LRT)<\/li>\n\n\n\n<li>FFH-Vertr\u00e4glichkeitspr\u00fcfung (FFHP\/FFH-VP)<\/li>\n\n\n\n<li>\u00d6kologische Baubegleitung (\u00d6BB)<\/li>\n\n\n\n<li>Landschaftspflegerischer Begleitplan (LBP)<\/li>\n\n\n\n<li>Umweltvertr\u00e4glichkeitspr\u00fcfung (UVP\/UVP-VP)<\/li>\n<\/ul>\n\n\n\n<p><strong><em>Beratung<\/em><\/strong><\/p>\n\n\n\n<ul class=\"wp-block-list\">\n<li>Artenschutzfachliche Beratung<\/li>\n\n\n\n<li>\u00d6kopool, \u00d6kopunkte und deren Bilanzierung<\/li>\n\n\n\n<li>Beratung zum Thema Biodiversit\u00e4t<\/li>\n\n\n\n<li>Sondierungsunterlagen<\/li>\n\n\n\n<li>Scoping<\/li>\n\n\n\n<li>Umweltbildung\n<ul class=\"wp-block-list\">\n<li>Vogelstimmenexkursionen<\/li>\n\n\n\n<li>Kurse f\u00fcr Schulen<\/li>\n<\/ul>\n<\/li>\n<\/ul>\n\n\n\n<figure class=\"wp-block-image size-large\"><img loading=\"lazy\" decoding=\"async\" width=\"1024\" height=\"256\" src=\"https:\/\/lupus-plan.de\/wp-content\/uploads\/2022\/09\/MG_1100-scaled-e1663090157776-1024x256.jpg\" alt=\"\" class=\"wp-image-104\" srcset=\"https:\/\/lupus-plan.de\/wp-content\/uploads\/2022\/09\/MG_1100-scaled-e1663090157776-1024x256.jpg 1024w, https:\/\/lupus-plan.de\/wp-content\/uploads\/2022\/09\/MG_1100-scaled-e1663090157776-300x75.jpg 300w, https:\/\/lupus-plan.de\/wp-content\/uploads\/2022\/09\/MG_1100-scaled-e1663090157776-768x192.jpg 768w, https:\/\/lupus-plan.de\/wp-content\/uploads\/2022\/09\/MG_1100-scaled-e1663090157776-1536x384.jpg 1536w, https:\/\/lupus-plan.de\/wp-content\/uploads\/2022\/09\/MG_1100-scaled-e1663090157776-2048x512.jpg 2048w, https:\/\/lupus-plan.de\/wp-content\/uploads\/2022\/09\/MG_1100-scaled-e1663090157776-640x160.jpg 640w\" sizes=\"(max-width: 1024px) 100vw, 1024px\" \/><\/figure>\n","protected":false},"excerpt":{"rendered":"<p>lupusplan erarbeitet kompetente L\u00f6sungen f\u00fcr artenschutzfachliche Fragestellungen. Sie haben ein Projekt und ben\u00f6tigen Beratung oder konkrete Genehmigungsunterlagen? Kontaktieren Sie uns. Wir bieten: Kartierung Genehmigungsunterlagen Beratung<\/p>\n","protected":false},"author":1,"featured_media":0,"parent":0,"menu_order":0,"comment_status":"closed","ping_status":"closed","template":"","meta":{"saved_in_kubio":false,"footnotes":""},"class_list":["post-13","page","type-page","status-publish","hentry"],"kubio_ai_page_context":{"short_desc":"","purpose":"general"},"_links":{"self":[{"href":"https:\/\/lupus-plan.de\/index.php?rest_route=\/wp\/v2\/pages\/13","targetHints":{"allow":["GET"]}}],"collection":[{"href":"https:\/\/lupus-plan.de\/index.php?rest_route=\/wp\/v2\/pages"}],"about":[{"href":"https:\/\/lupus-plan.de\/index.php?rest_route=\/wp\/v2\/types\/page"}],"author":[{"embeddable":true,"href":"https:\/\/lupus-plan.de\/index.php?rest_route=\/wp\/v2\/users\/1"}],"replies":[{"embeddable":true,"href":"https:\/\/lupus-plan.de\/index.php?rest_route=%2Fwp%2Fv2%2Fcomments&post=13"}],"version-history":[{"count":2,"href":"https:\/\/lupus-plan.de\/index.php?rest_route=\/wp\/v2\/pages\/13\/revisions"}],"predecessor-version":[{"id":142,"href":"https:\/\/lupus-plan.de\/index.php?rest_route=\/wp\/v2\/pages\/13\/revisions\/142"}],"wp:attachment":[{"href":"https:\/\/lupus-plan.de\/index.php?rest_route=%2Fwp%2Fv2%2Fmedia&parent=13"}],"curies":[{"name":"wp","href":"https:\/\/api.w.org\/{rel}","templated":true}]}}