{"id":24,"date":"2022-09-13T12:40:27","date_gmt":"2022-09-13T12:40:27","guid":{"rendered":"https:\/\/lupus-plan.de\/?page_id=24"},"modified":"2022-09-13T17:49:24","modified_gmt":"2022-09-13T17:49:24","slug":"team","status":"publish","type":"page","link":"https:\/\/lupus-plan.de\/?page_id=24","title":{"rendered":"Team"},"content":{"rendered":"\n<p><strong><em>Silas Wolf<\/em><\/strong> hat Biogeographie (B.Sc.) in Trier und Landschafts\u00f6kologie (M.Sc.) in M\u00fcnster studiert. Seit 2010 ist er freiberuflich f\u00fcr amtlichen und ehrenamtlichen Naturschutz sowie f\u00fcr verschiedene Planungsb\u00fcros t\u00e4tig.<\/p>\n\n\n\n<p>Ans\u00e4ssig in Havixbeck, 20 km westlich von M\u00fcnster in Westfalen, ist das B\u00fcro lupusplan im gesamten Bundesgebiet und dar\u00fcber hinaus aktiv.<\/p>\n\n\n\n<figure class=\"wp-block-image size-large\"><img loading=\"lazy\" decoding=\"async\" width=\"1024\" height=\"256\" src=\"https:\/\/lupus-plan.de\/wp-content\/uploads\/2022\/09\/2020-04-15-12.52.16-scaled-e1663091330382-1024x256.jpg\" alt=\"\" class=\"wp-image-81\" srcset=\"https:\/\/lupus-plan.de\/wp-content\/uploads\/2022\/09\/2020-04-15-12.52.16-scaled-e1663091330382-1024x256.jpg 1024w, https:\/\/lupus-plan.de\/wp-content\/uploads\/2022\/09\/2020-04-15-12.52.16-scaled-e1663091330382-300x75.jpg 300w, https:\/\/lupus-plan.de\/wp-content\/uploads\/2022\/09\/2020-04-15-12.52.16-scaled-e1663091330382-768x192.jpg 768w, https:\/\/lupus-plan.de\/wp-content\/uploads\/2022\/09\/2020-04-15-12.52.16-scaled-e1663091330382-1536x384.jpg 1536w, https:\/\/lupus-plan.de\/wp-content\/uploads\/2022\/09\/2020-04-15-12.52.16-scaled-e1663091330382-2048x512.jpg 2048w, https:\/\/lupus-plan.de\/wp-content\/uploads\/2022\/09\/2020-04-15-12.52.16-scaled-e1663091330382-640x160.jpg 640w\" sizes=\"(max-width: 1024px) 100vw, 1024px\" \/><\/figure>\n","protected":false},"excerpt":{"rendered":"<p>Silas Wolf hat Biogeographie (B.Sc.) in Trier und Landschafts\u00f6kologie (M.Sc.) in M\u00fcnster studiert. Seit 2010 ist er freiberuflich f\u00fcr amtlichen und ehrenamtlichen Naturschutz sowie f\u00fcr verschiedene Planungsb\u00fcros t\u00e4tig. Ans\u00e4ssig in Havixbeck, 20 km westlich von M\u00fcnster in Westfalen, ist das B\u00fcro lupusplan im gesamten Bundesgebiet und dar\u00fcber hinaus aktiv.<\/p>\n","protected":false},"author":1,"featured_media":0,"parent":0,"menu_order":0,"comment_status":"closed","ping_status":"closed","template":"templates\/full-width.php","meta":{"saved_in_kubio":false,"footnotes":""},"class_list":["post-24","page","type-page","status-publish","hentry"],"kubio_ai_page_context":{"short_desc":"","purpose":"general"},"_links":{"self":[{"href":"https:\/\/lupus-plan.de\/index.php?rest_route=\/wp\/v2\/pages\/24","targetHints":{"allow":["GET"]}}],"collection":[{"href":"https:\/\/lupus-plan.de\/index.php?rest_route=\/wp\/v2\/pages"}],"about":[{"href":"https:\/\/lupus-plan.de\/index.php?rest_route=\/wp\/v2\/types\/page"}],"author":[{"embeddable":true,"href":"https:\/\/lupus-plan.de\/index.php?rest_route=\/wp\/v2\/users\/1"}],"replies":[{"embeddable":true,"href":"https:\/\/lupus-plan.de\/index.php?rest_route=%2Fwp%2Fv2%2Fcomments&post=24"}],"version-history":[{"count":3,"href":"https:\/\/lupus-plan.de\/index.php?rest_route=\/wp\/v2\/pages\/24\/revisions"}],"predecessor-version":[{"id":118,"href":"https:\/\/lupus-plan.de\/index.php?rest_route=\/wp\/v2\/pages\/24\/revisions\/118"}],"wp:attachment":[{"href":"https:\/\/lupus-plan.de\/index.php?rest_route=%2Fwp%2Fv2%2Fmedia&parent=24"}],"curies":[{"name":"wp","href":"https:\/\/api.w.org\/{rel}","templated":true}]}}