{"id":26,"date":"2022-09-13T12:40:51","date_gmt":"2022-09-13T12:40:51","guid":{"rendered":"https:\/\/lupus-plan.de\/?page_id=26"},"modified":"2025-06-18T05:45:01","modified_gmt":"2025-06-18T05:45:01","slug":"referenzen","status":"publish","type":"page","link":"https:\/\/lupus-plan.de\/?page_id=26","title":{"rendered":"Referenzen"},"content":{"rendered":"\n<p><strong><em>Projekte<\/em><\/strong><\/p>\n\n\n\n<p>2010 Avifaunistische Kartierung zur Erschlie\u00dfung von Fl\u00e4chen zur Nutzung durch Windkraft bei Trier, Rheinland-Pfalz<\/p>\n\n\n\n<p>2010 Zugplanbeobachtung am Golf von Suez, \u00c4gypten<\/p>\n\n\n\n<p>2011 Zugplanbeobachtung im Niltal, \u00c4gypten<\/p>\n\n\n\n<p>2011 Zug- und Rastvogelkartierung Windpark Berglicht und Simmern, Rheinland-Pfalz<\/p>\n\n\n\n<p>2012 Fachgutachten Avifauna zweier Fl\u00e4chen f\u00fcr bauliche Entwicklung und dessen Ausgleich, Trier<\/p>\n\n\n\n<p>2012 Kartierung von Mauereidechsen in Ehrang, Trier<\/p>\n\n\n\n<p>2012 Kartierung von Herbstzug bei zwei Standorten an der luxemburgischen Grenze<\/p>\n\n\n\n<p>2013 Brutvogelkartierung Wiesenv\u00f6gel f\u00fcr Ausgleichsma\u00dfnahme, Recklinghausen<\/p>\n\n\n\n<p>2013 Brutvogelkartierung und Raumnutzungsanalyse Schwarzstorch, Eifel<\/p>\n\n\n\n<p>2014 Mitarbeit bei Monitoring und Erfolgskontrolle der Umsiedlung einer Kreuzotterpopulation in M\u00fcnster<\/p>\n\n\n\n<p>2014 Avifaunistische Erfassung zum Monitoring im Wildnisgebiet \u201aWollbecker Tiergarten\u2019 in M\u00fcnster<\/p>\n\n\n\n<p>2014 Herpetologische Kartierung Kiesgrube Reemex bei D\u00fclmen<\/p>\n\n\n\n<p>2014 Faunistisches Fachgutachten wegen Trassenverbreiterung zur Zauneidechse bei Osnabr\u00fcck<\/p>\n\n\n\n<p>2014 WEA Gl\u00f6singen &#8211; Standortuntersuchung; Sachverst\u00e4ndigengutachten V\u00f6gel<\/p>\n\n\n\n<p>2015 Avifaunistische Kartierungen zur Potentialanalyse f\u00fcr WEA in M\u00fcnster Brutv\u00f6gel und Raumnutzungsanalyse f\u00fcr Baumfalke, Gro\u00dfer Brachvogel<\/p>\n\n\n\n<p>2016 Avifaunistische Erfassungen im Rahmen eines Bebauungsplans bei Dortmund<\/p>\n\n\n\n<p>2017 Brutvogelkartierung zur Genemigung des Kanalausbaus in der N\u00e4he von Bremen<\/p>\n\n\n\n<p>2018 Zug- und Rastvogelerfassung f\u00fcr WEA-Planung bei M\u00fcnster<\/p>\n\n\n\n<p>2019 Raumnutzungsanalyse Schwarzstorch und Rotmilan f\u00fcr WEA-Planung bei Warstein<\/p>\n\n\n\n<p>2019 Brutvogelkartierung f\u00fcr geplanten Leitungsbau bei Gescher, Coesfeld<\/p>\n\n\n\n<p>2020 Artenschutzrechtliche Vorpr\u00fcfung (ASP Stufe I) f\u00fcr drei Projekte im M\u00fcnsterland<\/p>\n\n\n\n<ol style=\"list-style-type:1\" class=\"wp-block-list\">\n<li><\/li>\n<\/ol>\n\n\n\n<p>2020 Brutvogelkartierung Windenergie-Projekt, Haltern<\/p>\n\n\n\n<p>2020 Kartierung von Amphibien und Reptilien f\u00fcr geplanten Leitungsbau, Beckum<\/p>\n\n\n\n<p>2020 bis 2021 Raumnutzungsanalyse Seeadler f\u00fcr WEA-Planung Bislicher Insel, Xanten<\/p>\n\n\n\n<p>2021 Avifaunistische Untersuchung inkl. Auswertung GIS f\u00fcr ein WEA-Projekt bei Reken<\/p>\n\n\n\n<p>2021 Avifaunistische Untersuchung inkl. Auswertung GIS f\u00fcr ein WEA-Projekt bei H\u00fclsten<\/p>\n\n\n\n<p>2021 Habitatpotenzialanyse, herpetologische sowie avifaunistische Untersuchung f\u00fcr einen geplanten Br\u00fcckenbau bei Haste<\/p>\n\n\n\n<p>2021 RNA Wei\u00dfstorch f\u00fcr ein WEA-Projekt bei Papenburg<\/p>\n\n\n\n<p>2021 Artenschutzrechtliche Vorpr\u00fcfung (ASP Stufe I) f\u00fcr 6 Projekte im M\u00fcnsterland<\/p>\n\n\n\n<p>2022 Avifaunistische Untersuchung inkl. Auswertung GIS f\u00fcr ein WEA-Projekt ca. 2.500ha im Kreis Soest<\/p>\n\n\n\n<p>2022 Kartierung aller planungsrelevanter Arten der Gruppen Amphibien, Reptilien und V\u00f6gel f\u00fcr den Bau eines Radweges im Kreis Steinfurt<\/p>\n\n\n\n<p>2022 Artenschutzrechtliche Vorpr\u00fcfung (ASP Stufe I) f\u00fcr 13 Projekte im M\u00fcnsterland<\/p>\n\n\n\n<p>2023 Avifainistische Untersuchung f\u00fcr einen geplanten Leitungsbau, Hamm<\/p>\n\n\n\n<p>2023 Avifaunistische Untersuchung f\u00fcr einen geplanten Windpark, Ahlen<\/p>\n\n\n\n<p>2023 Herpetologische und avifaunistische Untersuchung f\u00fcr den geplanten Neubau von 5 Haltepunkten der Deutschen Bahn im M\u00fcnsterland und n\u00f6rdlichen Ruhrgebiet<\/p>\n\n\n\n<p>2023 Herpetologische und avifainistische Untersuchung f\u00fcr eine geplante Fl\u00e4chen-PV-Anlage in einem Steinbruch im Sauerland<\/p>\n\n\n\n<p>2023 Artenschutzrechtliche Vorpr\u00fcfung (ASP Stufe I) f\u00fcr zwei Projekte im M\u00fcnsterland<\/p>\n\n\n\n\n\n\n\n\n\n\n\n\n\n\n\n\n\n<p>2025 Avifaunistische Erfassung f\u00fcr die Erweiterung eines Tagebaus in Niedersachsen<\/p>\n","protected":false},"excerpt":{"rendered":"<p>Projekte 2010 Avifaunistische Kartierung zur Erschlie\u00dfung von Fl\u00e4chen zur Nutzung durch Windkraft bei Trier, Rheinland-Pfalz 2010 Zugplanbeobachtung am Golf von Suez, \u00c4gypten 2011 Zugplanbeobachtung im Niltal, \u00c4gypten 2011 Zug- und Rastvogelkartierung Windpark Berglicht und Simmern, Rheinland-Pfalz 2012 Fachgutachten Avifauna zweier Fl\u00e4chen f\u00fcr bauliche Entwicklung und dessen Ausgleich, Trier 2012 Kartierung von Mauereidechsen in Ehrang, Trier [&hellip;]<\/p>\n","protected":false},"author":1,"featured_media":0,"parent":0,"menu_order":0,"comment_status":"closed","ping_status":"closed","template":"","meta":{"saved_in_kubio":true,"footnotes":""},"class_list":["post-26","page","type-page","status-publish","hentry"],"kubio_ai_page_context":{"short_desc":"","purpose":"general"},"_links":{"self":[{"href":"https:\/\/lupus-plan.de\/index.php?rest_route=\/wp\/v2\/pages\/26","targetHints":{"allow":["GET"]}}],"collection":[{"href":"https:\/\/lupus-plan.de\/index.php?rest_route=\/wp\/v2\/pages"}],"about":[{"href":"https:\/\/lupus-plan.de\/index.php?rest_route=\/wp\/v2\/types\/page"}],"author":[{"embeddable":true,"href":"https:\/\/lupus-plan.de\/index.php?rest_route=\/wp\/v2\/users\/1"}],"replies":[{"embeddable":true,"href":"https:\/\/lupus-plan.de\/index.php?rest_route=%2Fwp%2Fv2%2Fcomments&post=26"}],"version-history":[{"count":4,"href":"https:\/\/lupus-plan.de\/index.php?rest_route=\/wp\/v2\/pages\/26\/revisions"}],"predecessor-version":[{"id":210,"href":"https:\/\/lupus-plan.de\/index.php?rest_route=\/wp\/v2\/pages\/26\/revisions\/210"}],"wp:attachment":[{"href":"https:\/\/lupus-plan.de\/index.php?rest_route=%2Fwp%2Fv2%2Fmedia&parent=26"}],"curies":[{"name":"wp","href":"https:\/\/api.w.org\/{rel}","templated":true}]}}