{"id":40,"date":"2022-09-13T12:45:27","date_gmt":"2022-09-13T12:45:27","guid":{"rendered":"https:\/\/lupus-plan.de\/?page_id=40"},"modified":"2023-10-12T15:16:24","modified_gmt":"2023-10-12T15:16:24","slug":"faunistische-kartierungen","status":"publish","type":"page","link":"https:\/\/lupus-plan.de\/?page_id=40","title":{"rendered":"Faunistische Kartierungen"},"content":{"rendered":"\n<p>F\u00fcr eine Vielzahl von Projekten ist die Erfassung von <strong><em>planungsrelevanten Arten <\/em><\/strong>erforderlich. Sei es f\u00fcr die <strong><em>Industrie <\/em><\/strong>bei der Planung von Windenergieanlagen, dem Abbau von Ressourcen oder im Hoch- bzw. Tiefbau. Auch f\u00fcr <strong><em>B\u00fcrgerinitiativen<\/em><\/strong>, <strong><em>Beh\u00f6rden <\/em><\/strong>oder <strong><em>Forschungsprojekte <\/em><\/strong>und im Rahmen von <strong><em>FFH-Monitoring <\/em><\/strong>k\u00f6nnen Ergebnisse faunistischer Erfassungen notwendig sein.<\/p>\n\n\n\n<p>Wir bieten Kartierungen nach dem<strong><em> aktuellen Stand der Wissenschaft<\/em><\/strong> entsprechend der einschl\u00e4gigen <strong><em>Methodenstandards <\/em><\/strong>und <strong><em>Leitf\u00e4den <\/em><\/strong>f\u00fcr<\/p>\n\n\n\n<ul class=\"wp-block-list\">\n<li>V\u00f6gel,<\/li>\n\n\n\n<li>Amphibien,<\/li>\n\n\n\n<li>Reptilien,<\/li>\n\n\n\n<li>Falter,<\/li>\n\n\n\n<li>Heuschrecken und<\/li>\n\n\n\n<li>Libellen<\/li>\n<\/ul>\n\n\n\n<p>sowie die Aufbereitung der Daten in <strong><em>Geografischen Informationssystemen (GIS)<\/em><\/strong>.<\/p>\n\n\n\n<figure class=\"wp-block-image size-large\"><img loading=\"lazy\" decoding=\"async\" width=\"1024\" height=\"256\" src=\"https:\/\/lupus-plan.de\/wp-content\/uploads\/2022\/09\/2021-08-23-13.07.49-scaled-e1663090438816-1024x256.jpg\" alt=\"\" class=\"wp-image-60\" srcset=\"https:\/\/lupus-plan.de\/wp-content\/uploads\/2022\/09\/2021-08-23-13.07.49-scaled-e1663090438816-1024x256.jpg 1024w, https:\/\/lupus-plan.de\/wp-content\/uploads\/2022\/09\/2021-08-23-13.07.49-scaled-e1663090438816-300x75.jpg 300w, https:\/\/lupus-plan.de\/wp-content\/uploads\/2022\/09\/2021-08-23-13.07.49-scaled-e1663090438816-768x192.jpg 768w, https:\/\/lupus-plan.de\/wp-content\/uploads\/2022\/09\/2021-08-23-13.07.49-scaled-e1663090438816-1536x384.jpg 1536w, https:\/\/lupus-plan.de\/wp-content\/uploads\/2022\/09\/2021-08-23-13.07.49-scaled-e1663090438816-2048x512.jpg 2048w, https:\/\/lupus-plan.de\/wp-content\/uploads\/2022\/09\/2021-08-23-13.07.49-scaled-e1663090438816-640x160.jpg 640w\" sizes=\"(max-width: 1024px) 100vw, 1024px\" \/><\/figure>\n","protected":false},"excerpt":{"rendered":"<p>F\u00fcr eine Vielzahl von Projekten ist die Erfassung von planungsrelevanten Arten erforderlich. Sei es f\u00fcr die Industrie bei der Planung von Windenergieanlagen, dem Abbau von Ressourcen oder im Hoch- bzw. Tiefbau. Auch f\u00fcr B\u00fcrgerinitiativen, Beh\u00f6rden oder Forschungsprojekte und im Rahmen von FFH-Monitoring k\u00f6nnen Ergebnisse faunistischer Erfassungen notwendig sein. Wir bieten Kartierungen nach dem aktuellen Stand [&hellip;]<\/p>\n","protected":false},"author":1,"featured_media":0,"parent":0,"menu_order":0,"comment_status":"closed","ping_status":"closed","template":"","meta":{"saved_in_kubio":false,"footnotes":""},"class_list":["post-40","page","type-page","status-publish","hentry"],"kubio_ai_page_context":{"short_desc":"","purpose":"general"},"_links":{"self":[{"href":"https:\/\/lupus-plan.de\/index.php?rest_route=\/wp\/v2\/pages\/40","targetHints":{"allow":["GET"]}}],"collection":[{"href":"https:\/\/lupus-plan.de\/index.php?rest_route=\/wp\/v2\/pages"}],"about":[{"href":"https:\/\/lupus-plan.de\/index.php?rest_route=\/wp\/v2\/types\/page"}],"author":[{"embeddable":true,"href":"https:\/\/lupus-plan.de\/index.php?rest_route=\/wp\/v2\/users\/1"}],"replies":[{"embeddable":true,"href":"https:\/\/lupus-plan.de\/index.php?rest_route=%2Fwp%2Fv2%2Fcomments&post=40"}],"version-history":[{"count":2,"href":"https:\/\/lupus-plan.de\/index.php?rest_route=\/wp\/v2\/pages\/40\/revisions"}],"predecessor-version":[{"id":140,"href":"https:\/\/lupus-plan.de\/index.php?rest_route=\/wp\/v2\/pages\/40\/revisions\/140"}],"wp:attachment":[{"href":"https:\/\/lupus-plan.de\/index.php?rest_route=%2Fwp%2Fv2%2Fmedia&parent=40"}],"curies":[{"name":"wp","href":"https:\/\/api.w.org\/{rel}","templated":true}]}}