{"id":88,"date":"2022-09-13T16:52:15","date_gmt":"2022-09-13T16:52:15","guid":{"rendered":"https:\/\/lupus-plan.de\/?page_id=88"},"modified":"2023-10-12T15:13:53","modified_gmt":"2023-10-12T15:13:53","slug":"artenschutzfachliche-gutachten","status":"publish","type":"page","link":"https:\/\/lupus-plan.de\/?page_id=88","title":{"rendered":"Artenschutzfachliche Gutachten"},"content":{"rendered":"\n<p>Vorhabentr\u00e4ger m\u00fcssen sich bei der Planung ihres Projektes ausgiebig mit dem Thema <strong><em>Umweltrecht <\/em><\/strong>befassen. Beh\u00f6rden fordern f\u00fcr viele genehmigungspflichtige Vorhaben artenschutzfachliche <strong><em>Unterlagen<\/em><\/strong>. Schwerpunkt von lupusplan liegt auf der <strong><em>Genehmigung <\/em><\/strong>von<\/p>\n\n\n\n<ul class=\"wp-block-list\">\n<li>Windenergieanlagen<\/li>\n\n\n\n<li>Oberbodenabbau\n<ul class=\"wp-block-list\">\n<li>Kies<\/li>\n\n\n\n<li>Sand<\/li>\n\n\n\n<li>Torf<\/li>\n\n\n\n<li>Ton<\/li>\n<\/ul>\n<\/li>\n\n\n\n<li>Stra\u00dfenbau<\/li>\n\n\n\n<li>Bebauungspl\u00e4ne<\/li>\n\n\n\n<li>Leitungsbau.<\/li>\n<\/ul>\n\n\n\n<p>Wir erarbeiten f\u00fcr Ihre <strong><em>Genehmigung <\/em><\/strong>folgende <strong><em>Gutachten<\/em><\/strong><\/p>\n\n\n\n<ul class=\"wp-block-list\">\n<li>Artenschutzrechtliche Vorpr\u00fcfung (ASP Stufe I)<\/li>\n\n\n\n<li>Artenschutzfachbeitrag (ASP Stufe II)<\/li>\n\n\n\n<li>Raumnutzungsanalyse (RNA)<\/li>\n\n\n\n<li>FFH-Monitoring<\/li>\n\n\n\n<li>FFH-Vertr\u00e4glichkeitspr\u00fcfung<\/li>\n\n\n\n<li>FFH-Vorpr\u00fcfung (FFH-VP)<\/li>\n\n\n\n<li>Umweltvertr\u00e4glichkeitspr\u00fcfung \/ -studie (UVP\/UVS)<\/li>\n\n\n\n<li>\u00d6kologische Baubegleitung (\u00d6BB)<\/li>\n\n\n\n<li>Landschaftspflegerischer Begleitplan (LBP).<\/li>\n<\/ul>\n\n\n\n<figure class=\"wp-block-image size-large\"><img loading=\"lazy\" decoding=\"async\" width=\"1024\" height=\"256\" src=\"https:\/\/lupus-plan.de\/wp-content\/uploads\/2022\/09\/3E9A0874-scaled-e1663090566812-1024x256.jpg\" alt=\"\" class=\"wp-image-74\" srcset=\"https:\/\/lupus-plan.de\/wp-content\/uploads\/2022\/09\/3E9A0874-scaled-e1663090566812-1024x256.jpg 1024w, https:\/\/lupus-plan.de\/wp-content\/uploads\/2022\/09\/3E9A0874-scaled-e1663090566812-300x75.jpg 300w, https:\/\/lupus-plan.de\/wp-content\/uploads\/2022\/09\/3E9A0874-scaled-e1663090566812-768x192.jpg 768w, https:\/\/lupus-plan.de\/wp-content\/uploads\/2022\/09\/3E9A0874-scaled-e1663090566812-1536x384.jpg 1536w, https:\/\/lupus-plan.de\/wp-content\/uploads\/2022\/09\/3E9A0874-scaled-e1663090566812-2048x512.jpg 2048w, https:\/\/lupus-plan.de\/wp-content\/uploads\/2022\/09\/3E9A0874-scaled-e1663090566812-640x160.jpg 640w\" sizes=\"(max-width: 1024px) 100vw, 1024px\" \/><\/figure>\n","protected":false},"excerpt":{"rendered":"<p>Vorhabentr\u00e4ger m\u00fcssen sich bei der Planung ihres Projektes ausgiebig mit dem Thema Umweltrecht befassen. Beh\u00f6rden fordern f\u00fcr viele genehmigungspflichtige Vorhaben artenschutzfachliche Unterlagen. Schwerpunkt von lupusplan liegt auf der Genehmigung von Wir erarbeiten f\u00fcr Ihre Genehmigung folgende Gutachten<\/p>\n","protected":false},"author":1,"featured_media":0,"parent":0,"menu_order":0,"comment_status":"closed","ping_status":"closed","template":"","meta":{"saved_in_kubio":false,"footnotes":""},"class_list":["post-88","page","type-page","status-publish","hentry"],"kubio_ai_page_context":{"short_desc":"","purpose":"general"},"_links":{"self":[{"href":"https:\/\/lupus-plan.de\/index.php?rest_route=\/wp\/v2\/pages\/88","targetHints":{"allow":["GET"]}}],"collection":[{"href":"https:\/\/lupus-plan.de\/index.php?rest_route=\/wp\/v2\/pages"}],"about":[{"href":"https:\/\/lupus-plan.de\/index.php?rest_route=\/wp\/v2\/types\/page"}],"author":[{"embeddable":true,"href":"https:\/\/lupus-plan.de\/index.php?rest_route=\/wp\/v2\/users\/1"}],"replies":[{"embeddable":true,"href":"https:\/\/lupus-plan.de\/index.php?rest_route=%2Fwp%2Fv2%2Fcomments&post=88"}],"version-history":[{"count":3,"href":"https:\/\/lupus-plan.de\/index.php?rest_route=\/wp\/v2\/pages\/88\/revisions"}],"predecessor-version":[{"id":137,"href":"https:\/\/lupus-plan.de\/index.php?rest_route=\/wp\/v2\/pages\/88\/revisions\/137"}],"wp:attachment":[{"href":"https:\/\/lupus-plan.de\/index.php?rest_route=%2Fwp%2Fv2%2Fmedia&parent=88"}],"curies":[{"name":"wp","href":"https:\/\/api.w.org\/{rel}","templated":true}]}}